{"id":867,"date":"2021-12-13T11:50:23","date_gmt":"2021-12-13T11:50:23","guid":{"rendered":"https:\/\/cut-sn.de\/?page_id=867"},"modified":"2022-08-18T08:45:53","modified_gmt":"2022-08-18T08:45:53","slug":"projekt-woebbelin","status":"publish","type":"page","link":"https:\/\/cut-sn.de\/index.php\/projekt-woebbelin\/","title":{"rendered":"Projekt W\u00f6bbelin"},"content":{"rendered":"<p>[et_pb_section fb_built=&#8220;1&#8243; custom_padding_last_edited=&#8220;on|tablet&#8220; _builder_version=&#8220;4.18.0&#8243; _module_preset=&#8220;default&#8220; background_image=&#8220;http:\/\/cut-sn.de\/wp-content\/uploads\/2021\/12\/60b26c12-382e-44c9-b5a8-e7dbea944a22.jpg&#8220; custom_padding=&#8220;225px||5px||false|false&#8220; custom_padding_tablet=&#8220;165px||0px||false|false&#8220; custom_padding_phone=&#8220;165px||0px||false|false&#8220; hover_enabled=&#8220;0&#8243; global_colors_info=&#8220;{}&#8220; sticky_enabled=&#8220;0&#8243;][et_pb_row column_structure=&#8220;1_2,1_2&#8243; custom_padding_last_edited=&#8220;on|tablet&#8220; _builder_version=&#8220;4.16&#8243; _module_preset=&#8220;default&#8220; width=&#8220;100%&#8220; max_width=&#8220;100%&#8220; custom_margin=&#8220;-117px|auto||auto||&#8220; custom_padding_tablet=&#8220;||0px||false|false&#8220; custom_padding_phone=&#8220;||0px||false|false&#8220; global_colors_info=&#8220;{}&#8220;][et_pb_column type=&#8220;1_2&#8243; _builder_version=&#8220;4.16&#8243; _module_preset=&#8220;default&#8220; global_colors_info=&#8220;{}&#8220;][et_pb_text _builder_version=&#8220;4.16&#8243; _module_preset=&#8220;default&#8220; text_font=&#8220;Oswald|||on|||||&#8220; text_text_color=&#8220;#02CDCD&#8220; text_font_size=&#8220;43px&#8220; background_color=&#8220;rgba(51,51,51,0.65)&#8220; width_tablet=&#8220;30%&#8220; width_phone=&#8220;55%&#8220; width_last_edited=&#8220;on|tablet&#8220; max_width=&#8220;240px&#8220; custom_margin=&#8220;-30px||||false|false&#8220; custom_margin_tablet=&#8220;-20px||||false|false&#8220; custom_margin_phone=&#8220;-20px||||false|false&#8220; custom_margin_last_edited=&#8220;on|tablet&#8220; custom_padding=&#8220;26px||26px|15px|true|false&#8220; locked=&#8220;off&#8220; global_colors_info=&#8220;{}&#8220;]<\/p>\n<p>W\u00f6bbelin<\/p>\n<p>[\/et_pb_text][et_pb_text _builder_version=&#8220;4.16&#8243; _module_preset=&#8220;default&#8220; text_font=&#8220;Oswald||||||||&#8220; text_text_color=&#8220;#FFFFFF&#8220; text_font_size=&#8220;33px&#8220; background_color=&#8220;rgba(51,51,51,0.65)&#8220; width_tablet=&#8220;40%&#8220; width_phone=&#8220;80%&#8220; width_last_edited=&#8220;on|phone&#8220; max_width=&#8220;320px&#8220; custom_margin=&#8220;-25px||||false|false&#8220; custom_margin_tablet=&#8220;-20px||||false|false&#8220; custom_margin_phone=&#8220;-20px||||false|false&#8220; custom_margin_last_edited=&#8220;on|tablet&#8220; custom_padding=&#8220;17px||17px|15px|true|false&#8220; locked=&#8220;off&#8220; global_colors_info=&#8220;{}&#8220;]<\/p>\n<p>Neugestaltung<\/p>\n<p>KZ-Gedenkst\u00e4tte<\/p>\n<p>[\/et_pb_text][\/et_pb_column][et_pb_column type=&#8220;1_2&#8243; _builder_version=&#8220;4.16&#8243; _module_preset=&#8220;default&#8220; global_colors_info=&#8220;{}&#8220;][\/et_pb_column][\/et_pb_row][\/et_pb_section][et_pb_section fb_built=&#8220;1&#8243; _builder_version=&#8220;4.16&#8243; _module_preset=&#8220;default&#8220; background_color=&#8220;#f4f4f4&#8243; global_colors_info=&#8220;{}&#8220;][et_pb_row column_structure=&#8220;1_2,1_2&#8243; _builder_version=&#8220;4.16&#8243; _module_preset=&#8220;default&#8220; global_colors_info=&#8220;{}&#8220;][et_pb_column type=&#8220;1_2&#8243; _builder_version=&#8220;4.16&#8243; _module_preset=&#8220;default&#8220; background_color=&#8220;#FFFFFF&#8220; custom_padding=&#8220;20px|20px|20px|20px|false|false&#8220; global_colors_info=&#8220;{}&#8220;][et_pb_text _builder_version=&#8220;4.16&#8243; _module_preset=&#8220;default&#8220; text_font=&#8220;Roboto|300|||||||&#8220; text_text_color=&#8220;#000000&#8243; text_font_size=&#8220;17px&#8220; custom_margin=&#8220;|||15px|false|false&#8220; custom_padding=&#8220;||||false|false&#8220; global_colors_info=&#8220;{}&#8220;]<\/p>\n<p><strong>Auftraggeber:<\/strong> Landkreis Ludwigslust Parchim<\/p>\n<p>[\/et_pb_text][et_pb_divider color=&#8220;#000000&#8243; _builder_version=&#8220;4.16&#8243; _module_preset=&#8220;default&#8220; width=&#8220;95%&#8220; module_alignment=&#8220;center&#8220; custom_margin=&#8220;||||false|false&#8220; global_colors_info=&#8220;{}&#8220;][\/et_pb_divider][et_pb_text _builder_version=&#8220;4.16&#8243; _module_preset=&#8220;default&#8220; text_font=&#8220;Roboto|300|||||||&#8220; text_text_color=&#8220;#000000&#8243; text_font_size=&#8220;17px&#8220; custom_margin=&#8220;-20px|||15px|false|false&#8220; custom_padding=&#8220;||||false|true&#8220; locked=&#8220;off&#8220; global_colors_info=&#8220;{}&#8220;]<\/p>\n<p><strong>Auftragssumme:<\/strong> 227.000,00 \u20ac netto<\/p>\n<p>[\/et_pb_text][et_pb_divider color=&#8220;#000000&#8243; _builder_version=&#8220;4.16&#8243; _module_preset=&#8220;default&#8220; width=&#8220;95%&#8220; module_alignment=&#8220;center&#8220; custom_margin=&#8220;||||false|false&#8220; locked=&#8220;off&#8220; global_colors_info=&#8220;{}&#8220;][\/et_pb_divider][et_pb_blurb title=&#8220;Herstellen einer begehbaren Fl\u00e4che aus Beton-Pflasterstein 480 m\u00b2&#8220; use_icon=&#8220;on&#8220; font_icon=&#8220;&#xf00c;||fa||900&#8243; icon_color=&#8220;#000000&#8243; icon_placement=&#8220;left&#8220; image_icon_width=&#8220;20px&#8220; content_max_width=&#8220;100%&#8220; _builder_version=&#8220;4.16&#8243; _module_preset=&#8220;default&#8220; header_font=&#8220;Roboto||||||||&#8220; header_text_color=&#8220;#000000&#8243; header_font_size=&#8220;15px&#8220; header_line_height=&#8220;1.5em&#8220; custom_margin=&#8220;-10px|||15px|false|false&#8220; global_colors_info=&#8220;{}&#8220;][\/et_pb_blurb][et_pb_blurb title=&#8220;Herstellen einer begehbaren Wegfl\u00e4che mit Schotter-Splitt-Sand Gemisch und wassergebundene Wegedecke 1.500  m\u00b2&#8220; use_icon=&#8220;on&#8220; font_icon=&#8220;&#xf00c;||fa||900&#8243; icon_color=&#8220;#000000&#8243; icon_placement=&#8220;left&#8220; image_icon_width=&#8220;20px&#8220; content_max_width=&#8220;100%&#8220; _builder_version=&#8220;4.16&#8243; _module_preset=&#8220;default&#8220; header_font=&#8220;Roboto||||||||&#8220; header_text_color=&#8220;#000000&#8243; header_font_size=&#8220;15px&#8220; header_line_height=&#8220;1.5em&#8220; custom_margin=&#8220;-25px|||15px|false|false&#8220; global_colors_info=&#8220;{}&#8220;][\/et_pb_blurb][et_pb_blurb title=&#8220;Vegetationstechnische Bodenbearbeitung  von 19.000 m\u00b2: Stubben roden, Mulch fr\u00e4sen, Gel\u00e4nde begradigen, Rasenfl\u00e4che erstellen&#8220; use_icon=&#8220;on&#8220; font_icon=&#8220;&#xf00c;||fa||900&#8243; icon_color=&#8220;#000000&#8243; icon_placement=&#8220;left&#8220; image_icon_width=&#8220;20px&#8220; content_max_width=&#8220;100%&#8220; _builder_version=&#8220;4.16&#8243; _module_preset=&#8220;default&#8220; header_font=&#8220;Roboto||||||||&#8220; header_text_color=&#8220;#000000&#8243; header_font_size=&#8220;15px&#8220; header_line_height=&#8220;1.5em&#8220; custom_margin=&#8220;-25px|||15px|false|false&#8220; global_colors_info=&#8220;{}&#8220;][\/et_pb_blurb][et_pb_blurb title=&#8220;Pflanzlieferung und Pflanzbearbeitung 200 Birken und 3.600 Stechpalmen&#8220; use_icon=&#8220;on&#8220; font_icon=&#8220;&#xf00c;||fa||900&#8243; icon_color=&#8220;#000000&#8243; icon_placement=&#8220;left&#8220; image_icon_width=&#8220;20px&#8220; content_max_width=&#8220;100%&#8220; _builder_version=&#8220;4.16&#8243; _module_preset=&#8220;default&#8220; header_font=&#8220;Roboto||||||||&#8220; header_text_color=&#8220;#000000&#8243; header_font_size=&#8220;15px&#8220; header_line_height=&#8220;1.5em&#8220; custom_margin=&#8220;-25px|||15px|false|false&#8220; global_colors_info=&#8220;{}&#8220;][\/et_pb_blurb][et_pb_blurb title=&#8220;Einfassung mit Stahlschienen 940 m und Setzen von Stelen&#8220; use_icon=&#8220;on&#8220; font_icon=&#8220;&#xf00c;||fa||900&#8243; icon_color=&#8220;#000000&#8243; icon_placement=&#8220;left&#8220; image_icon_width=&#8220;20px&#8220; content_max_width=&#8220;100%&#8220; _builder_version=&#8220;4.16&#8243; _module_preset=&#8220;default&#8220; header_font=&#8220;Roboto||||||||&#8220; header_text_color=&#8220;#000000&#8243; header_font_size=&#8220;15px&#8220; header_line_height=&#8220;1.5em&#8220; custom_margin=&#8220;-25px|||15px|false|false&#8220; global_colors_info=&#8220;{}&#8220;][\/et_pb_blurb][\/et_pb_column][et_pb_column type=&#8220;1_2&#8243; _builder_version=&#8220;4.16&#8243; _module_preset=&#8220;default&#8220; global_colors_info=&#8220;{}&#8220;][dmg_masonry_gallery gallery=&#8220;875,871,877,876,870,872,873,874&#8243; _builder_version=&#8220;4.16&#8243; _module_preset=&#8220;default&#8220; global_colors_info=&#8220;{}&#8220;][\/dmg_masonry_gallery][\/et_pb_column][\/et_pb_row][\/et_pb_section]<\/p>\n","protected":false},"excerpt":{"rendered":"<p>W\u00f6bbelinNeugestaltung KZ-Gedenkst\u00e4tteAuftraggeber: Landkreis Ludwigslust ParchimAuftragssumme: 227.000,00 \u20ac netto<div class=\"et_pb_module dmg_masonry_gallery dmg_masonry_gallery_0\">\n\t\t\t\t\n\t\t\t\t\n\t\t\t\t\n\t\t\t\t\n\t\t\t\t\n\t\t\t\t\n\t\t\t\t<div class=\"et_pb_module_inner\">\n\t\t\t\t\t\n\t\t\t<div class=\"dmg-gallery-wrapper\">\n\t\t\t\t\n\t\t\t\t<div class=\"dmg-gallery dmg-modal-gallery \">\n\t\t\t\t\t<div class=\"dmg-gallery-sizer\"><\/div>\n\t\t\t\t\t<div class=\"dmg-gutter-sizer\"><\/div>\n\t\t\t\t\t\n\t\t\t\t\t\t<a href=\"https:\/\/cut-sn.de\/wp-content\/uploads\/2021\/12\/IMG_6647-scaled.jpeg\"  data-categories=\"\" class=\"dmg_masonry_gallery_item \" >\n\t\t\t\t\t\t\t<img class=\"lazyload\" alt=\"\" data-src=\"https:\/\/cut-sn.de\/wp-content\/uploads\/2021\/12\/IMG_6647-980x735.jpeg\" srcset=\"https:\/\/cut-sn.de\/wp-content\/uploads\/2021\/12\/IMG_6647-980x735.jpeg 980w, https:\/\/cut-sn.de\/wp-content\/uploads\/2021\/12\/IMG_6647-480x360.jpeg 480w\" sizes=\"(min-width: 0px) and (max-width: 480px) 480px, (min-width: 481px) and (max-width: 980px) 980px, 100vw\" width=\"980\" height=\"735\" \/>\n\t\t\t\t\t\t\t<span class=\"et_overlay\"><\/span>\n\t\t\t\t\t\t<\/a>\n\t\t\t\t\t\t\n\t\t\t\t\t\t<a href=\"https:\/\/cut-sn.de\/wp-content\/uploads\/2021\/12\/7bc4b2f5-a5d1-42c0-8622-9750577d2fe8.jpg\"  data-categories=\"\" class=\"dmg_masonry_gallery_item \" >\n\t\t\t\t\t\t\t<img class=\"lazyload\" alt=\"\" data-src=\"https:\/\/cut-sn.de\/wp-content\/uploads\/2021\/12\/7bc4b2f5-a5d1-42c0-8622-9750577d2fe8-980x551.jpg\" srcset=\"https:\/\/cut-sn.de\/wp-content\/uploads\/2021\/12\/7bc4b2f5-a5d1-42c0-8622-9750577d2fe8-980x551.jpg 980w, https:\/\/cut-sn.de\/wp-content\/uploads\/2021\/12\/7bc4b2f5-a5d1-42c0-8622-9750577d2fe8-480x270.jpg 480w\" sizes=\"(min-width: 0px) and (max-width: 480px) 480px, (min-width: 481px) and (max-width: 980px) 980px, 100vw\" width=\"980\" height=\"551\" \/>\n\t\t\t\t\t\t\t<span class=\"et_overlay\"><\/span>\n\t\t\t\t\t\t<\/a>\n\t\t\t\t\t\t\n\t\t\t\t\t\t<a href=\"https:\/\/cut-sn.de\/wp-content\/uploads\/2021\/12\/IMG_6693-scaled.jpeg\"  data-categories=\"\" class=\"dmg_masonry_gallery_item \" >\n\t\t\t\t\t\t\t<img class=\"lazyload\" alt=\"\" data-src=\"https:\/\/cut-sn.de\/wp-content\/uploads\/2021\/12\/IMG_6693-980x735.jpeg\" srcset=\"https:\/\/cut-sn.de\/wp-content\/uploads\/2021\/12\/IMG_6693-980x735.jpeg 980w, https:\/\/cut-sn.de\/wp-content\/uploads\/2021\/12\/IMG_6693-480x360.jpeg 480w\" sizes=\"(min-width: 0px) and (max-width: 480px) 480px, (min-width: 481px) and (max-width: 980px) 980px, 100vw\" width=\"980\" height=\"735\" \/>\n\t\t\t\t\t\t\t<span class=\"et_overlay\"><\/span>\n\t\t\t\t\t\t<\/a>\n\t\t\t\t\t\t\n\t\t\t\t\t\t<a href=\"https:\/\/cut-sn.de\/wp-content\/uploads\/2021\/12\/IMG_6691-scaled.jpeg\"  data-categories=\"\" class=\"dmg_masonry_gallery_item \" >\n\t\t\t\t\t\t\t<img class=\"lazyload\" alt=\"\" data-src=\"https:\/\/cut-sn.de\/wp-content\/uploads\/2021\/12\/IMG_6691-980x735.jpeg\" srcset=\"https:\/\/cut-sn.de\/wp-content\/uploads\/2021\/12\/IMG_6691-980x735.jpeg 980w, https:\/\/cut-sn.de\/wp-content\/uploads\/2021\/12\/IMG_6691-480x360.jpeg 480w\" sizes=\"(min-width: 0px) and (max-width: 480px) 480px, (min-width: 481px) and (max-width: 980px) 980px, 100vw\" width=\"980\" height=\"735\" \/>\n\t\t\t\t\t\t\t<span class=\"et_overlay\"><\/span>\n\t\t\t\t\t\t<\/a>\n\t\t\t\t\t\t\n\t\t\t\t\t\t<a href=\"https:\/\/cut-sn.de\/wp-content\/uploads\/2021\/12\/60b26c12-382e-44c9-b5a8-e7dbea944a22.jpg\"  data-categories=\"10\" class=\"dmg_masonry_gallery_item \" >\n\t\t\t\t\t\t\t<img class=\"lazyload\" alt=\"\" data-src=\"https:\/\/cut-sn.de\/wp-content\/uploads\/2021\/12\/60b26c12-382e-44c9-b5a8-e7dbea944a22-980x551.jpg\" srcset=\"https:\/\/cut-sn.de\/wp-content\/uploads\/2021\/12\/60b26c12-382e-44c9-b5a8-e7dbea944a22-980x551.jpg 980w, https:\/\/cut-sn.de\/wp-content\/uploads\/2021\/12\/60b26c12-382e-44c9-b5a8-e7dbea944a22-480x270.jpg 480w\" sizes=\"(min-width: 0px) and (max-width: 480px) 480px, (min-width: 481px) and (max-width: 980px) 980px, 100vw\" width=\"980\" height=\"551\" \/>\n\t\t\t\t\t\t\t<span class=\"et_overlay\"><\/span>\n\t\t\t\t\t\t<\/a>\n\t\t\t\t\t\t\n\t\t\t\t\t\t<a href=\"https:\/\/cut-sn.de\/wp-content\/uploads\/2021\/12\/8d920ecd-1518-4c26-ab3d-c258d8b04e0c.jpg\"  data-categories=\"\" class=\"dmg_masonry_gallery_item \" >\n\t\t\t\t\t\t\t<img class=\"lazyload\" alt=\"\" data-src=\"https:\/\/cut-sn.de\/wp-content\/uploads\/2021\/12\/8d920ecd-1518-4c26-ab3d-c258d8b04e0c-980x551.jpg\" srcset=\"https:\/\/cut-sn.de\/wp-content\/uploads\/2021\/12\/8d920ecd-1518-4c26-ab3d-c258d8b04e0c-980x551.jpg 980w, https:\/\/cut-sn.de\/wp-content\/uploads\/2021\/12\/8d920ecd-1518-4c26-ab3d-c258d8b04e0c-480x270.jpg 480w\" sizes=\"(min-width: 0px) and (max-width: 480px) 480px, (min-width: 481px) and (max-width: 980px) 980px, 100vw\" width=\"980\" height=\"551\" \/>\n\t\t\t\t\t\t\t<span class=\"et_overlay\"><\/span>\n\t\t\t\t\t\t<\/a>\n\t\t\t\t\t\t\n\t\t\t\t\t\t<a href=\"https:\/\/cut-sn.de\/wp-content\/uploads\/2021\/12\/e0cbb7da-e884-4598-91ac-85bc5ad5c547.jpg\"  data-categories=\"\" class=\"dmg_masonry_gallery_item \" >\n\t\t\t\t\t\t\t<img class=\"lazyload\" alt=\"\" data-src=\"https:\/\/cut-sn.de\/wp-content\/uploads\/2021\/12\/e0cbb7da-e884-4598-91ac-85bc5ad5c547-980x551.jpg\" srcset=\"https:\/\/cut-sn.de\/wp-content\/uploads\/2021\/12\/e0cbb7da-e884-4598-91ac-85bc5ad5c547-980x551.jpg 980w, https:\/\/cut-sn.de\/wp-content\/uploads\/2021\/12\/e0cbb7da-e884-4598-91ac-85bc5ad5c547-480x270.jpg 480w\" sizes=\"(min-width: 0px) and (max-width: 480px) 480px, (min-width: 481px) and (max-width: 980px) 980px, 100vw\" width=\"980\" height=\"551\" \/>\n\t\t\t\t\t\t\t<span class=\"et_overlay\"><\/span>\n\t\t\t\t\t\t<\/a>\n\t\t\t\t\t\t\n\t\t\t\t\t\t<a href=\"https:\/\/cut-sn.de\/wp-content\/uploads\/2021\/12\/e2c5b791-7c12-4059-b87c-8156ddbb5bc2.jpg\"  data-categories=\"\" class=\"dmg_masonry_gallery_item \" >\n\t\t\t\t\t\t\t<img class=\"lazyload\" alt=\"\" data-src=\"https:\/\/cut-sn.de\/wp-content\/uploads\/2021\/12\/e2c5b791-7c12-4059-b87c-8156ddbb5bc2-980x551.jpg\" srcset=\"https:\/\/cut-sn.de\/wp-content\/uploads\/2021\/12\/e2c5b791-7c12-4059-b87c-8156ddbb5bc2-980x551.jpg 980w, https:\/\/cut-sn.de\/wp-content\/uploads\/2021\/12\/e2c5b791-7c12-4059-b87c-8156ddbb5bc2-480x270.jpg 480w\" sizes=\"(min-width: 0px) and (max-width: 480px) 480px, (min-width: 481px) and (max-width: 980px) 980px, 100vw\" width=\"980\" height=\"551\" \/>\n\t\t\t\t\t\t\t<span class=\"et_overlay\"><\/span>\n\t\t\t\t\t\t<\/a>\n\t\t\t\t\t\t\n\t  \t\t\t<\/div>\n\t  \t\t\t\n  \t\t\t<\/div>\n  \t\t\t\n\t\t\t\t<\/div>\n\t\t\t<\/div><\/p>\n","protected":false},"author":3,"featured_media":0,"parent":0,"menu_order":0,"comment_status":"closed","ping_status":"closed","template":"","meta":{"_et_pb_use_builder":"on","_et_pb_old_content":"","_et_gb_content_width":"","footnotes":""},"class_list":["post-867","page","type-page","status-publish","hentry"],"_links":{"self":[{"href":"https:\/\/cut-sn.de\/index.php\/wp-json\/wp\/v2\/pages\/867","targetHints":{"allow":["GET"]}}],"collection":[{"href":"https:\/\/cut-sn.de\/index.php\/wp-json\/wp\/v2\/pages"}],"about":[{"href":"https:\/\/cut-sn.de\/index.php\/wp-json\/wp\/v2\/types\/page"}],"author":[{"embeddable":true,"href":"https:\/\/cut-sn.de\/index.php\/wp-json\/wp\/v2\/users\/3"}],"replies":[{"embeddable":true,"href":"https:\/\/cut-sn.de\/index.php\/wp-json\/wp\/v2\/comments?post=867"}],"version-history":[{"count":5,"href":"https:\/\/cut-sn.de\/index.php\/wp-json\/wp\/v2\/pages\/867\/revisions"}],"predecessor-version":[{"id":1116,"href":"https:\/\/cut-sn.de\/index.php\/wp-json\/wp\/v2\/pages\/867\/revisions\/1116"}],"wp:attachment":[{"href":"https:\/\/cut-sn.de\/index.php\/wp-json\/wp\/v2\/media?parent=867"}],"curies":[{"name":"wp","href":"https:\/\/api.w.org\/{rel}","templated":true}]}}